{"id":992,"date":"2022-12-18T14:24:15","date_gmt":"2022-12-18T14:24:15","guid":{"rendered":"https:\/\/mesttest.com\/product\/mcmaster-zaehlkammer\/"},"modified":"2025-12-31T07:58:39","modified_gmt":"2025-12-31T07:58:39","slug":"mcmaster-zaehlkammer","status":"publish","type":"product","link":"https:\/\/mesttest.com\/de\/produkt\/mcmaster-zaehlkammer\/","title":{"rendered":"McMaster-Z\u00e4hlkammer"},"content":{"rendered":"<p>[et_pb_section fb_built=&#8221;1&#8243; _builder_version=&#8221;4.19.3&#8243; custom_margin=&#8221;|0px||0px|false|false&#8221; custom_padding=&#8221;0px|0px|0px|0px|false|false&#8221; global_colors_info=&#8221;{}&#8221;][et_pb_row _builder_version=&#8221;4.16&#8243; background_size=&#8221;initial&#8221; background_position=&#8221;top_left&#8221; background_repeat=&#8221;repeat&#8221; width=&#8221;100%&#8221; custom_padding=&#8221;0px||0px||false|false&#8221; global_colors_info=&#8221;{}&#8221;][et_pb_column type=&#8221;4_4&#8243; _builder_version=&#8221;4.16&#8243; custom_padding=&#8221;|||&#8221; global_colors_info=&#8221;{}&#8221; custom_padding__hover=&#8221;|||&#8221;][et_pb_wc_breadcrumb _builder_version=&#8221;4.19.3&#8243; body_text_color=&#8221;#006600&#8243; global_colors_info=&#8221;{}&#8221;][\/et_pb_wc_breadcrumb][et_pb_wc_cart_notice _builder_version=&#8221;4.19.3&#8243; title_text_color=&#8221;#FFFFFF&#8221; background_color=&#8221;#006600&#8243; custom_button=&#8221;on&#8221; button_text_color=&#8221;#FFFFFF&#8221; global_colors_info=&#8221;{}&#8221;][\/et_pb_wc_cart_notice][\/et_pb_column][\/et_pb_row][et_pb_row column_structure=&#8221;1_2,1_2&#8243; _builder_version=&#8221;4.16&#8243; background_size=&#8221;initial&#8221; background_position=&#8221;top_left&#8221; background_repeat=&#8221;repeat&#8221; width=&#8221;100%&#8221; custom_padding=&#8221;0px||||false|false&#8221; global_colors_info=&#8221;{}&#8221;][et_pb_column type=&#8221;1_2&#8243; _builder_version=&#8221;4.16&#8243; custom_padding=&#8221;|||&#8221; global_colors_info=&#8221;{}&#8221; custom_padding__hover=&#8221;|||&#8221;][et_pb_wc_images _builder_version=&#8221;4.19.3&#8243; border_radii=&#8221;on|1px|1px|1px|1px&#8221; border_width_all=&#8221;1px&#8221; global_colors_info=&#8221;{}&#8221;][\/et_pb_wc_images][\/et_pb_column][et_pb_column type=&#8221;1_2&#8243; _builder_version=&#8221;4.16&#8243; custom_padding=&#8221;|||&#8221; global_colors_info=&#8221;{}&#8221; custom_padding__hover=&#8221;|||&#8221;][et_pb_wc_title _builder_version=&#8221;4.19.3&#8243; header_text_color=&#8221;#006600&#8243; global_colors_info=&#8221;{}&#8221;][\/et_pb_wc_title][et_pb_wc_price admin_label=&#8221;Woo productprijs&#8221; _builder_version=&#8221;4.19.3&#8243; _module_preset=&#8221;default&#8221; body_text_color=&#8221;#006600&#8243; global_colors_info=&#8221;{}&#8221;][\/et_pb_wc_price][et_pb_wc_description _builder_version=&#8221;4.19.3&#8243; body_text_color=&#8221;#000000&#8243; global_colors_info=&#8221;{}&#8221;][\/et_pb_wc_description][et_pb_wc_add_to_cart _builder_version=&#8221;4.19.3&#8243; fields_background_color=&#8221;#006600&#8243; fields_text_color=&#8221;#FFFFFF&#8221; fields_focus_background_color=&#8221;#FFFFFF&#8221; fields_focus_text_color=&#8221;#FFFFFF&#8221; dropdown_menus_background_color=&#8221;#7CDA24&#8243; field_label_text_color=&#8221;#FFFFFF&#8221; custom_button=&#8221;on&#8221; button_text_color=&#8221;#FFFFFF&#8221; button_bg_color=&#8221;#006600&#8243; button_icon_color=&#8221;#FFFFFF&#8221; button_on_hover=&#8221;off&#8221; border_color_all_fields=&#8221;RGBA(255,255,255,0)&#8221; global_colors_info=&#8221;{}&#8221;][\/et_pb_wc_add_to_cart][\/et_pb_column][\/et_pb_row][et_pb_row _builder_version=&#8221;4.24.2&#8243; _module_preset=&#8221;default&#8221; global_colors_info=&#8221;{}&#8221;][et_pb_column type=&#8221;4_4&#8243; _builder_version=&#8221;4.24.2&#8243; _module_preset=&#8221;default&#8221; global_colors_info=&#8221;{}&#8221;][et_pb_text _builder_version=&#8221;4.24.2&#8243; _module_preset=&#8221;default&#8221; global_colors_info=&#8221;{}&#8221;]<b>Mikroskop einstellen:<\/b><\/p>\n<p>Der Z\u00e4hlraum verf\u00fcgt \u00fcber zwei Gitter. Jedes Gitter hat sechs Reihen. Eine komplette Reihe l\u00e4sst sich f\u00fcr die meisten Mikroskope bei 100-facher Vergr\u00f6\u00dferung optimal betrachten.<br \/>\n<br \/>\n<b>Pflegehinweise f\u00fcr Objekttr\u00e4ger:<\/b><\/p>\n<p>\u2013 Sp\u00fclen Sie die McMaster-Kammern gr\u00fcndlich mit warmem, flie\u00dfendem Wasser aus.<\/p>\n<p>\u2013 Lassen Sie den Objekttr\u00e4ger an der Luft trocknen. Nicht mit einem Handtuch trocknen, da dies das optische Finish beeintr\u00e4chtigt.<\/p>\n<p>Die McMaster-Z\u00e4hlkammer ist f\u00fcr den Langzeiteinsatz brauchbar.[\/et_pb_text][\/et_pb_column][\/et_pb_row][\/et_pb_section][et_pb_section fb_built=&#8221;1&#8243; _builder_version=&#8221;4.19.3&#8243; _module_preset=&#8221;default&#8221; global_colors_info=&#8221;{}&#8221;][et_pb_row _builder_version=&#8221;4.19.3&#8243; _module_preset=&#8221;default&#8221; global_colors_info=&#8221;{}&#8221;][et_pb_column type=&#8221;4_4&#8243; _builder_version=&#8221;4.19.3&#8243; _module_preset=&#8221;default&#8221; global_colors_info=&#8221;{}&#8221;][et_pb_wc_upsells _builder_version=&#8221;4.16&#8243; global_colors_info=&#8221;{}&#8221;][\/et_pb_wc_upsells][et_pb_wc_related_products _builder_version=&#8221;4.16&#8243; global_colors_info=&#8221;{}&#8221;][\/et_pb_wc_related_products][\/et_pb_column][\/et_pb_row][\/et_pb_section]<\/p>\n","protected":false},"excerpt":{"rendered":"<p>McMaster-Z\u00e4hlkammer zur Durchf\u00fchrung von Kotuntersuchung nach der McMaster-Flotationsmethode. Diese Methode ist geeignet f\u00fcr quantitative Z\u00e4hlung von Wurmeiern.<\/p>\n<p><strong>Spezifikationen:<\/strong><\/p>\n<ul>\n<li>Z\u00e4hlfeldgr\u00f6sse 1 cm x 1 cm<\/li>\n<li>Kammerh\u00f6he 0,15 cm<\/li>\n<li>Volumen unter 1 Z\u00e4hlfeld 0,15 ml<\/li>\n<li>Gesamtvolumen von beide Z\u00e4hlfelder 0,30 ml<\/li>\n<li>Material Kunststoff, Acryl<\/li>\n<li>McMaster Gesamtgr\u00f6\u00dfe 2,3 cm x 7,6 cm<\/li>\n<li>Farbe des Gitters Blau<\/li>\n<\/ul>\n","protected":false},"featured_media":816,"comment_status":"open","ping_status":"closed","template":"","meta":{"_et_pb_use_builder":"on","_et_pb_old_content":"","_et_gb_content_width":""},"product_cat":[63],"product_tag":[85,97,87,98,88,96,93,92,89,86,90,91,95],"_links":{"self":[{"href":"https:\/\/mesttest.com\/de\/wp-json\/wp\/v2\/product\/992"}],"collection":[{"href":"https:\/\/mesttest.com\/de\/wp-json\/wp\/v2\/product"}],"about":[{"href":"https:\/\/mesttest.com\/de\/wp-json\/wp\/v2\/types\/product"}],"replies":[{"embeddable":true,"href":"https:\/\/mesttest.com\/de\/wp-json\/wp\/v2\/comments?post=992"}],"wp:featuredmedia":[{"embeddable":true,"href":"https:\/\/mesttest.com\/de\/wp-json\/wp\/v2\/media\/816"}],"wp:attachment":[{"href":"https:\/\/mesttest.com\/de\/wp-json\/wp\/v2\/media?parent=992"}],"wp:term":[{"taxonomy":"product_cat","embeddable":true,"href":"https:\/\/mesttest.com\/de\/wp-json\/wp\/v2\/product_cat?post=992"},{"taxonomy":"product_tag","embeddable":true,"href":"https:\/\/mesttest.com\/de\/wp-json\/wp\/v2\/product_tag?post=992"}],"curies":[{"name":"wp","href":"https:\/\/api.w.org\/{rel}","templated":true}]}}