{"id":2605,"date":"2025-02-27T10:06:19","date_gmt":"2025-02-27T10:06:20","guid":{"rendered":"https:\/\/mesttest.com\/?post_type=product&#038;p=2605"},"modified":"2025-09-02T16:03:35","modified_gmt":"2025-09-02T16:03:35","slug":"professionelles-trinokulares-mikroskop-kotuntersuchungsset","status":"publish","type":"product","link":"https:\/\/mesttest.com\/de\/produkt\/professionelles-trinokulares-mikroskop-kotuntersuchungsset\/","title":{"rendered":"Professionelles trinokulares Mikroskop &#038; Kotuntersuchungsset"},"content":{"rendered":"<p>[et_pb_section fb_built=&#8221;1&#8243; _builder_version=&#8221;4.19.3&#8243; custom_margin=&#8221;|0px||0px|false|false&#8221; custom_padding=&#8221;0px|0px|0px|0px|false|false&#8221; global_colors_info=&#8221;{}&#8221;][et_pb_row _builder_version=&#8221;4.16&#8243; background_size=&#8221;initial&#8221; background_position=&#8221;top_left&#8221; background_repeat=&#8221;repeat&#8221; width=&#8221;100%&#8221; custom_padding=&#8221;0px||0px||false|false&#8221; global_colors_info=&#8221;{}&#8221;][et_pb_column type=&#8221;4_4&#8243; _builder_version=&#8221;4.16&#8243; custom_padding=&#8221;|||&#8221; global_colors_info=&#8221;{}&#8221; custom_padding__hover=&#8221;|||&#8221;][et_pb_wc_breadcrumb _builder_version=&#8221;4.19.3&#8243; body_text_color=&#8221;#006600&#8243; global_colors_info=&#8221;{}&#8221;][\/et_pb_wc_breadcrumb][et_pb_wc_cart_notice _builder_version=&#8221;4.19.3&#8243; title_text_color=&#8221;#FFFFFF&#8221; background_color=&#8221;#006600&#8243; custom_button=&#8221;on&#8221; button_text_color=&#8221;#FFFFFF&#8221; global_colors_info=&#8221;{}&#8221;][\/et_pb_wc_cart_notice][\/et_pb_column][\/et_pb_row][et_pb_row column_structure=&#8221;1_2,1_2&#8243; _builder_version=&#8221;4.16&#8243; background_size=&#8221;initial&#8221; background_position=&#8221;top_left&#8221; background_repeat=&#8221;repeat&#8221; width=&#8221;100%&#8221; custom_padding=&#8221;0px||||false|false&#8221; global_colors_info=&#8221;{}&#8221;][et_pb_column type=&#8221;1_2&#8243; _builder_version=&#8221;4.16&#8243; custom_padding=&#8221;|||&#8221; global_colors_info=&#8221;{}&#8221; custom_padding__hover=&#8221;|||&#8221;][et_pb_wc_images _builder_version=&#8221;4.19.3&#8243; border_radii=&#8221;on|1px|1px|1px|1px&#8221; border_width_all=&#8221;1px&#8221; global_colors_info=&#8221;{}&#8221;][\/et_pb_wc_images][\/et_pb_column][et_pb_column type=&#8221;1_2&#8243; _builder_version=&#8221;4.16&#8243; custom_padding=&#8221;|||&#8221; global_colors_info=&#8221;{}&#8221; custom_padding__hover=&#8221;|||&#8221;][et_pb_wc_title _builder_version=&#8221;4.19.3&#8243; header_text_color=&#8221;#006600&#8243; global_colors_info=&#8221;{}&#8221;][\/et_pb_wc_title][et_pb_wc_price admin_label=&#8221;Woo productprijs&#8221; _builder_version=&#8221;4.19.3&#8243; _module_preset=&#8221;default&#8221; body_text_color=&#8221;#006600&#8243; global_colors_info=&#8221;{}&#8221;][\/et_pb_wc_price][et_pb_wc_description _builder_version=&#8221;4.19.3&#8243; body_text_color=&#8221;#000000&#8243; global_colors_info=&#8221;{}&#8221;][\/et_pb_wc_description][et_pb_wc_add_to_cart _builder_version=&#8221;4.19.3&#8243; fields_background_color=&#8221;#006600&#8243; fields_text_color=&#8221;#FFFFFF&#8221; fields_focus_background_color=&#8221;#FFFFFF&#8221; fields_focus_text_color=&#8221;#FFFFFF&#8221; dropdown_menus_background_color=&#8221;#7CDA24&#8243; field_label_text_color=&#8221;#FFFFFF&#8221; custom_button=&#8221;on&#8221; button_text_color=&#8221;#FFFFFF&#8221; button_bg_color=&#8221;#006600&#8243; button_icon_color=&#8221;#FFFFFF&#8221; button_on_hover=&#8221;off&#8221; border_color_all_fields=&#8221;RGBA(255,255,255,0)&#8221; global_colors_info=&#8221;{}&#8221;][\/et_pb_wc_add_to_cart][\/et_pb_column][\/et_pb_row][et_pb_row _builder_version=&#8221;4.19.3&#8243; background_color=&#8221;RGBA(255,255,255,0)&#8221; background_size=&#8221;initial&#8221; background_position=&#8221;top_left&#8221; background_repeat=&#8221;repeat&#8221; width=&#8221;100%&#8221; custom_padding=&#8221;0px||0px||false|false&#8221; border_radii=&#8221;on|1px|1px|1px|1px&#8221; border_width_all=&#8221;1px&#8221; border_color_all=&#8221;#000000&#8243; global_colors_info=&#8221;{}&#8221;][et_pb_column type=&#8221;4_4&#8243; _builder_version=&#8221;4.16&#8243; custom_padding=&#8221;|||&#8221; global_colors_info=&#8221;{}&#8221; custom_padding__hover=&#8221;|||&#8221;][et_pb_text _builder_version=&#8221;4.19.3&#8243; _module_preset=&#8221;default&#8221; text_text_color=&#8221;#006600&#8243; background_color=&#8221;RGBA(255,255,255,0)&#8221; custom_margin=&#8221;0px|||0px|false|false&#8221; custom_padding=&#8221;20px|20px||20px|false|false&#8221; global_colors_info=&#8221;{}&#8221;]<\/p>\n<p><strong><em>Mit kostenloser Anleitung zur Durchf\u00fchrung von Kotuntersuchungen bei Pferden zu Hause. Wenn Sie lieber das Anleitungsheft f\u00fcr Schafe und Ziegen (Englische oder Niederlandische Sprache) oder f\u00fcr Alpakas (Deutsche Sprache) erhalten m\u00f6chten, geben Sie dies bitte in den Bestellnotizen an.<\/em><\/strong><\/p>\n<p>&nbsp;<\/p>\n<p>[\/et_pb_text][\/et_pb_column][\/et_pb_row][et_pb_row _builder_version=&#8221;4.16&#8243; background_size=&#8221;initial&#8221; background_position=&#8221;top_left&#8221; background_repeat=&#8221;repeat&#8221; width=&#8221;100%&#8221; global_colors_info=&#8221;{}&#8221;][et_pb_column type=&#8221;4_4&#8243; _builder_version=&#8221;4.16&#8243; custom_padding=&#8221;|||&#8221; global_colors_info=&#8221;{}&#8221; custom_padding__hover=&#8221;|||&#8221;][et_pb_wc_tabs include_tabs=&#8221;||&#8221; _builder_version=&#8221;4.19.3&#8243; global_colors_info=&#8221;{}&#8221;]\t\t\t\t\t[\/et_pb_wc_tabs][et_pb_text _builder_version=&#8221;4.24.2&#8243; _module_preset=&#8221;default&#8221; text_text_color=&#8221;#000000&#8243; background_color=&#8221;rgba(124,218,36,0.38)&#8221; custom_margin=&#8221;|||0px|false|false&#8221; custom_padding=&#8221;20px|20px||20px|false|false&#8221; global_colors_info=&#8221;{}&#8221;]<\/p>\n<h3><strong>Spezifikationen des Mikroskops<\/strong><\/h3>\n<div>\n<p data-start=\"204\" data-end=\"556\">Dieses professionelle trinokulare Mikroskop bietet ein au\u00dfergew\u00f6hnlich klares Bild und ist damit perfekt f\u00fcr die Kotuntersuchung und andere tiermedizinische Anwendungen geeignet. Dank der einfachen Einstellungen k\u00f6nnen Sie eine S\u00e4ule der <strong data-start=\"457\" data-end=\"478\">McMaster Z\u00e4hlkammer<\/strong> bei <strong data-start=\"412\" data-end=\"431\">100-facher Vergr\u00f6\u00dferung<\/strong> pr\u00e4zise z\u00e4hlen. F\u00fcr eine besonders detaillierte Betrachtung ist sogar eine Vergr\u00f6\u00dferung bis zu <strong data-start=\"535\" data-end=\"544\">250x<\/strong> m\u00f6glich.  <\/p>\n<p data-start=\"558\" data-end=\"968\"><strong>Wichtige Merkmale:<\/strong><\/p>\n<p data-start=\"558\" data-end=\"968\">\u2714 Dritter Anschluss &#8211; F\u00fcr die Verbindung mit einer Mikroskopkamera, die an einen Laptop oder PC angeschlossen ist. Die Mikroskopkamera ist nicht im Lieferumfang enthalten. <\/p>\n<p data-start=\"558\" data-end=\"968\">\u2714 Kristallklares Bild &#8211; Geeignet f\u00fcr genaue Kotuntersuchungen.<br \/><br data-start=\"658\" data-end=\"661\">\u2714 Binokulares Design &#8211; Bequem und wohltuend f\u00fcr die Augen, ideal f\u00fcr l\u00e4ngeren Gebrauch.<\/p>\n<p data-start=\"558\" data-end=\"968\">\u2714 Vergr\u00f6\u00dferung bis zu 250x &#8211; F\u00fcr messerscharfe Details bei der Kotuntersuchung. F\u00fcr andere Untersuchungen mit einem Objekttr\u00e4ger betr\u00e4gt die maximale Vergr\u00f6\u00dferung 2500x. <\/p>\n<p data-start=\"558\" data-end=\"968\">\u2714 Einfache Anpassung &#8211; Perfekt auf die McMaster und Mini-FLOTAC Z\u00e4hlkammer abgestimmt<\/p>\n<p data-start=\"558\" data-end=\"968\">\u2714 Handyhalterung &#8211; Machen Sie ganz einfach Mikroskopfotos<\/p>\n<h3 data-start=\"970\" data-end=\"1005\"><strong data-start=\"974\" data-end=\"1003\">Technische Daten:<\/strong><\/h3>\n<ul data-start=\"1006\" data-end=\"1488\">\n<li data-start=\"1006\" data-end=\"1038\">Vergr\u00f6\u00dferung: 100x &#8211; 2500x<\/li>\n<li data-start=\"1039\" data-end=\"1078\">Okulare: 2 Okulare mit 10facher Vergr\u00f6\u00dferung und 2 Okulare mit 25facher Vergr\u00f6\u00dferung<\/li>\n<li data-start=\"1079\" data-end=\"1156\">Objektive: Vier DIN-Objektive (4x, 10x, 40x, 100x) &#8211; Achromatisch<\/li>\n<li data-start=\"1157\" data-end=\"1218\">Kreuztisch: mit Nonius-Skala &amp; gro\u00dfer Reichweite<\/li>\n<li data-start=\"1219\" data-end=\"1266\">Fokussystem: Grob- und Feineinstellung<\/li>\n<li data-start=\"1267\" data-end=\"1331\">360\u00b0 drehbarer Kopf &#8211; Bequemes Betrachten aus jedem Winkel<\/li>\n<li data-start=\"1332\" data-end=\"1376\">Beleuchtung: Sehr hell, mit Dimmer<\/li>\n<li data-start=\"1377\" data-end=\"1412\">Kondensator: Abbe N.A. 1.25<\/li>\n<li data-start=\"1413\" data-end=\"1439\">Stromversorgung: 220V\/240V<\/li>\n<li data-start=\"1440\" data-end=\"1463\">Gewicht: 3.0 kg<\/li>\n<li data-start=\"1464\" data-end=\"1488\">Garantie: 1 Jahr<\/li>\n<\/ul>\n<h3 data-start=\"1490\" data-end=\"1510\"><strong data-start=\"1494\" data-end=\"1508\">Beinhaltet:<\/strong><\/h3>\n<p data-start=\"1511\" data-end=\"1630\">\u2714 5 Objekttr\u00e4ger &amp;100 Deckgl\u00e4ser<br data-start=\"1547\" data-end=\"1550\">\u2714 Kleines Zubeh\u00f6r zum Pr\u00e4parieren von Proben<br data-start=\"1586\" data-end=\"1589\">\u2714 Immersions\u00f6l<br data-start=\"1604\" data-end=\"1607\">\u2714 Englisches Handbuch<\/p>\n<\/div>\n<p>[\/et_pb_text][et_pb_text _builder_version=&#8221;4.19.3&#8243; _module_preset=&#8221;default&#8221; text_text_color=&#8221;#000000&#8243; background_color=&#8221;RGBA(255,255,255,0)&#8221; custom_margin=&#8221;|||0px|false|false&#8221; custom_padding=&#8221;20px|20px||20px|false|false&#8221; border_radii=&#8221;on|1px|1px|1px|1px&#8221; border_width_all=&#8221;1px&#8221; global_colors_info=&#8221;{}&#8221;]<\/p>\n<h3><strong>Kotuntersuchungpaket<\/strong><\/h3>\n<p>&nbsp;<\/p>\n<p>Komplettes Paket f\u00fcr Kotuntersuchung nach der McMaster-Methode:<\/p>\n<div>\n<ul>\n<li>McMaster-Z\u00e4hlkammer<\/li>\n<li>Pr\u00e4zisionswaage<\/li>\n<li>500 Gramm Flotationssalz entsprechend f\u00fcr etwa 40 Kotuntersuchunge<\/li>\n<li>Messzylinder 50 ml<\/li>\n<li>Zwei Bechergl\u00e4ser<\/li>\n<li>Teesieb<\/li>\n<li>Laborflasche<\/li>\n<li>5 Kunststoffspritzen von 2 ml<\/li>\n<\/ul>\n<\/div>\n<p>[\/et_pb_text][\/et_pb_column][\/et_pb_row][\/et_pb_section][et_pb_section fb_built=&#8221;1&#8243; _builder_version=&#8221;4.19.3&#8243; background_color=&#8221;rgba(124,218,36,0.38)&#8221; custom_margin=&#8221;-13px|0px||0px|false|false&#8221; custom_padding=&#8221;0px|0px|0px|0px|false|false&#8221; global_colors_info=&#8221;{}&#8221;][et_pb_row _builder_version=&#8221;4.19.3&#8243; background_color=&#8221;RGBA(255,255,255,0)&#8221; background_size=&#8221;initial&#8221; background_position=&#8221;top_left&#8221; background_repeat=&#8221;repeat&#8221; width=&#8221;100%&#8221; custom_padding=&#8221;0px||0px||false|false&#8221; global_colors_info=&#8221;{}&#8221;][et_pb_column type=&#8221;4_4&#8243; _builder_version=&#8221;4.16&#8243; custom_padding=&#8221;|||&#8221; global_colors_info=&#8221;{}&#8221; custom_padding__hover=&#8221;|||&#8221;][et_pb_text _builder_version=&#8221;4.19.3&#8243; _module_preset=&#8221;default&#8221; text_text_color=&#8221;#000000&#8243; background_color=&#8221;RGBA(255,255,255,0)&#8221; custom_margin=&#8221;0px|||0px|false|false&#8221; custom_padding=&#8221;20px|20px||20px|false|false&#8221; global_colors_info=&#8221;{}&#8221;]<\/p>\n<h3><strong>Kotuntersuchung Leitfaden<\/strong><\/h3>\n<p>&nbsp;<\/p>\n<p>Sie erhalten kostenlos eine Leitfaden. Standard wird die Leitfaden f\u00fcr Pferde verschickt. M\u00f6chten Sie eine Kotuntersuchung f\u00fcr Schafe, Ziegen oder Alpakas tun? Schreiben Sie es dann in die Auftragsnotizen.<\/p>\n<p>&nbsp;<\/p>\n<p>[\/et_pb_text][\/et_pb_column][\/et_pb_row][et_pb_row column_structure=&#8221;1_2,1_2&#8243; _builder_version=&#8221;4.19.3&#8243; background_size=&#8221;initial&#8221; background_position=&#8221;top_left&#8221; background_repeat=&#8221;repeat&#8221; width=&#8221;100%&#8221; custom_padding=&#8221;0px|||20px|false|false&#8221; global_colors_info=&#8221;{}&#8221;][et_pb_column type=&#8221;1_2&#8243; _builder_version=&#8221;4.16&#8243; custom_padding=&#8221;|||&#8221; global_colors_info=&#8221;{}&#8221; custom_padding__hover=&#8221;|||&#8221;][et_pb_text _builder_version=&#8221;4.19.3&#8243; _module_preset=&#8221;default&#8221; text_text_color=&#8221;#000000&#8243; global_colors_info=&#8221;{}&#8221;]<\/p>\n<p>Kotuntersuchung Leitfaden <strong>f\u00fcr Pferde<\/strong>, 21 Seiten A5.<\/p>\n<p>Inhalt:<\/p>\n<ol>\n<li>Parasitenkontrolle 3<\/li>\n<li>W\u00fcrmer bei Pferden 4<\/li>\n<li>Allgemeiner Lebenszyklus von W\u00fcrmern 5<\/li>\n<li>Kleiner Strongyliden (Blutwurm) 6<\/li>\n<li>Gro\u00dfer Strongyliden (Blutwurm) 7<\/li>\n<li>Spulwurm 8<\/li>\n<li>Bandwurm 9<\/li>\n<li>Pfriemenschwanz 10<\/li>\n<li>Anthelminthika \/ Wurmkuren 11<\/li>\n<li>Entwurmung 12<\/li>\n<li>Einstellung des Mikroskops 13<\/li>\n<li>Eine Kotuntersuchung durchf\u00fchren 15<\/li>\n<li>Identifizierung von Wurmeiern bei Pferden 17<\/li>\n<li>Ergebnis der Kotuntersuchung 19<\/li>\n<li>Der Kotuntersuchungsplan 20<\/li>\n<li>Tipps zur Vorbeugung des Wurmbefalls 21<\/li>\n<\/ol>\n<p>[\/et_pb_text][et_pb_text _builder_version=&#8221;4.19.3&#8243; _module_preset=&#8221;default&#8221; text_text_color=&#8221;#000000&#8243; global_colors_info=&#8221;{}&#8221;]<\/p>\n<p>Kotuntersuchung Leifaden <strong>f\u00fcr Alpakas<\/strong>, Deutsche Sprache, 26 Seiten A5.<\/p>\n<p>Inhalt:<\/p>\n<ol>\n<li>Parasitenkontrolle 3<\/li>\n<li>Allgemeiner Lebenszyklus von W\u00fcrmern 4<\/li>\n<li>Roter oder Gedrehter Magenwurm (Haemonchus contortus) 5<\/li>\n<li>Nematodirus 6<\/li>\n<li>Trichostrongylus spp. 7<\/li>\n<li>Teladorsagia circumcincta 8<\/li>\n<li>Leberegel (Fasciola hepatica) 9<\/li>\n<li>Gro\u00dfe Kokzidien, E. Mac (Eimeria macusaniensis, Eimeria ivitaensis) 10<\/li>\n<li>Kleine Kokzidien (Eimeria) 11<\/li>\n<li>FAMACHA-Farbkarte 12<\/li>\n<li>Body Condition Score 13<\/li>\n<li>Anthelminthika \/ Wurmkuren 14<\/li>\n<li>Entwurmung 15<\/li>\n<li>Einstellung des Mikroskops 16<\/li>\n<li>Durchf\u00fchrung von Kotuntersuchung mit McMaster-Verfahren, Sedimentation-Flotationsverfahren und Mini-FLOTAC Verfahren 18<\/li>\n<li>Identifizierung von Wurmeiern 21<\/li>\n<li>Kotuntersuchung Ergebnisse und Beurteilung 24<\/li>\n<li>Tipps zur Wurmpr\u00e4vention 26<\/li>\n<\/ol>\n<p>[\/et_pb_text][\/et_pb_column][et_pb_column type=&#8221;1_2&#8243; _builder_version=&#8221;4.16&#8243; custom_padding=&#8221;|||&#8221; global_colors_info=&#8221;{}&#8221; custom_padding__hover=&#8221;|||&#8221;][et_pb_text _builder_version=&#8221;4.19.3&#8243; _module_preset=&#8221;default&#8221; text_text_color=&#8221;#000000&#8243; global_colors_info=&#8221;{}&#8221;]<\/p>\n<p>Kotuntersuchung Leifaden <span> <\/span><strong>f\u00fcr Schafe und Ziegen<\/strong>, NUR in Englische oder Niederlandische Sprache, 22 Seiten A5.<\/p>\n<p>Inhalt:<\/p>\n<ol>\n<li>Parasitenkontrolle 3<\/li>\n<li>Allgemeiner Lebenszyklus von W\u00fcrmern 4<\/li>\n<li>Roter oder Gedrehter Magenwurm (Haemonchus contortus) 5<\/li>\n<li>Nematodirus 6<\/li>\n<li>Trichostrongylus spp. 7<\/li>\n<li>Teladorsagia circumcincta 8<\/li>\n<li>Leberegel (Fasciola hepatica) 9<\/li>\n<li>Eimeria (Kokzidien) 10<\/li>\n<li>FAMACHA-Farbkarte 11<\/li>\n<li>Anthelminthika \/ Wurmkuren 12<\/li>\n<li>Entwurmung 13<\/li>\n<li>Einstellung des Mikroskops 14<\/li>\n<li>Durchf\u00fchrung von Kotuntersuchung mit McMaster-Verfahren 16<\/li>\n<li>Identifizierung von Wurmeiern 18<\/li>\n<li>Kotuntersuchung Ergebnisse und Beurteilung 21<\/li>\n<li>Tipps zur Wurmpr\u00e4vention 22<\/li>\n<\/ol>\n<p>[\/et_pb_text][\/et_pb_column][\/et_pb_row][\/et_pb_section][et_pb_section fb_built=&#8221;1&#8243; _builder_version=&#8221;4.19.3&#8243; _module_preset=&#8221;default&#8221; global_colors_info=&#8221;{}&#8221;][et_pb_row _builder_version=&#8221;4.19.3&#8243; _module_preset=&#8221;default&#8221; global_colors_info=&#8221;{}&#8221;][et_pb_column type=&#8221;4_4&#8243; _builder_version=&#8221;4.19.3&#8243; _module_preset=&#8221;default&#8221; global_colors_info=&#8221;{}&#8221;][et_pb_wc_upsells _builder_version=&#8221;4.16&#8243; global_colors_info=&#8221;{}&#8221;][\/et_pb_wc_upsells][et_pb_wc_related_products _builder_version=&#8221;4.16&#8243; global_colors_info=&#8221;{}&#8221;][\/et_pb_wc_related_products][\/et_pb_column][\/et_pb_row][\/et_pb_section]<\/p>\n","protected":false},"excerpt":{"rendered":"<p>Das komplette Paket f\u00fcr Kotuntersuchungen zu Hause:<\/p>\n<p>1 Das professionelle trinokulare Mikroskop bietet zus\u00e4tzlich zur binokularen Betrachtung einen dritten Anschluss f\u00fcr eine Mikroskopkamera. Das Erkennen von Wurmeiern ist selbst f\u00fcr unerfahrene Kotuntersuchung Kenntnisse sehr einfach. Kotuntersuchung mit McMaster-Z\u00e4hlkammer mit 100-facher Vergr\u00f6\u00dferung und speziell mit diesem Mikroskop auch <strong>250-facher<\/strong> Vergr\u00f6\u00dferung.<\/p>\n<p>2 Materialpaket mit Zubeh\u00f6r f\u00fcr die Kotuntersuchung.<\/p>\n","protected":false},"featured_media":2613,"comment_status":"open","ping_status":"closed","template":"","meta":{"_et_pb_use_builder":"on","_et_pb_old_content":"","_et_gb_content_width":""},"product_cat":[63],"product_tag":[85,87,88,93,92,89,86,90,91],"_links":{"self":[{"href":"https:\/\/mesttest.com\/de\/wp-json\/wp\/v2\/product\/2605"}],"collection":[{"href":"https:\/\/mesttest.com\/de\/wp-json\/wp\/v2\/product"}],"about":[{"href":"https:\/\/mesttest.com\/de\/wp-json\/wp\/v2\/types\/product"}],"replies":[{"embeddable":true,"href":"https:\/\/mesttest.com\/de\/wp-json\/wp\/v2\/comments?post=2605"}],"wp:featuredmedia":[{"embeddable":true,"href":"https:\/\/mesttest.com\/de\/wp-json\/wp\/v2\/media\/2613"}],"wp:attachment":[{"href":"https:\/\/mesttest.com\/de\/wp-json\/wp\/v2\/media?parent=2605"}],"wp:term":[{"taxonomy":"product_cat","embeddable":true,"href":"https:\/\/mesttest.com\/de\/wp-json\/wp\/v2\/product_cat?post=2605"},{"taxonomy":"product_tag","embeddable":true,"href":"https:\/\/mesttest.com\/de\/wp-json\/wp\/v2\/product_tag?post=2605"}],"curies":[{"name":"wp","href":"https:\/\/api.w.org\/{rel}","templated":true}]}}