{"id":972,"date":"2022-12-15T10:29:48","date_gmt":"2022-12-15T10:29:48","guid":{"rendered":"https:\/\/mesttest.com\/datenschutzerklaerung\/"},"modified":"2022-12-24T13:15:55","modified_gmt":"2022-12-24T13:15:55","slug":"datenschutzerklaerung","status":"publish","type":"page","link":"https:\/\/mesttest.com\/de\/datenschutzerklaerung\/","title":{"rendered":"Datenschutzerkl\u00e4rung"},"content":{"rendered":"<p>[et_pb_section fb_built=&#8221;1&#8243; _builder_version=&#8221;4.16&#8243; global_colors_info=&#8221;{}&#8221;][et_pb_row _builder_version=&#8221;4.19.3&#8243; _module_preset=&#8221;default&#8221; global_colors_info=&#8221;{}&#8221;][et_pb_column type=&#8221;4_4&#8243; _builder_version=&#8221;4.19.3&#8243; _module_preset=&#8221;default&#8221; global_colors_info=&#8221;{}&#8221;][et_pb_post_title meta=&#8221;off&#8221; featured_image=&#8221;off&#8221; _builder_version=&#8221;4.19.3&#8243; _module_preset=&#8221;default&#8221; title_text_color=&#8221;#006600&#8243; global_colors_info=&#8221;{}&#8221;][\/et_pb_post_title][et_pb_text _builder_version=&#8221;4.19.3&#8243; _module_preset=&#8221;default&#8221; text_text_color=&#8221;#006600&#8243; global_colors_info=&#8221;{}&#8221;]<\/p>\n<p>FECtest verpflichtet sich, Ihre Privatsph\u00e4re zu respektieren und die Vertraulichkeit Ihrer pers\u00f6nlichen Daten zu gew\u00e4hrleisten. Um Ihre Privatsph\u00e4re zu sch\u00fctzen, handelt FECtest stets in \u00dcbereinstimmung mit der Allgemeinen Datenschutzverordnung. Diese Datenschutzerkl\u00e4rung gilt, wenn Sie die Website besuchen oder anderweitig mit FECtest in Kontakt treten. Wir empfehlen Ihnen deshalb, die vorliegende Datenschutzerkl\u00e4rung sorgf\u00e4ltig durchzulesen. Bei Fragen oder Anmerkungen k\u00f6nnen Sie jederzeit Kontakt aufnehmen mit<span> <\/span><a href=\"mailto:info@fectest.com\">info@fectest.com<\/a>.<\/p>\n<p><strong>Verantwortlich<\/strong><\/p>\n<p>Ciska Ketelaar, Eigent\u00fcmerin von FECtest &amp; Mesttest, ist die f\u00fcr die Datenverarbeitung verantwortlich.. In dieser Datenschutzerkl\u00e4rung erl\u00e4utern wir Ihnen, welche personenbezogenen Daten wir zu welchem Zweck erheben und verwenden. Diese Datenschutzerkl\u00e4rung wurde zuletzt am 24.12.2022 aktualisiert.<\/p>\n<p><strong>Nutzung von personenbezogenen Daten<\/strong><\/p>\n<p>FECtest verwendet die folgenden pers\u00f6nlichen und statistischen Daten:<\/p>\n<ol>\n<li>Name, Anschrift, E-Mail-Adresse, Telefonnummer (fakultativ) und Mehrwertsteuernummer (fakultativ) bei der Anmeldung zum Kurs. Ihre Angaben werden f\u00fcr die Organisation des Kurses und f\u00fcr die Rechnungsstellung verwendet.<\/li>\n<li>Name, Anschrift, E-Mail-Adresse, Telefonnummer (fakultativ) und Mehrwertsteuernummer (fakultativ) beim Kauf von Produkten im Webshop. Ihre Daten werden f\u00fcr die Rechnung und die Lieferung der Produkte verwendet.<\/li>\n<li>Name und E-Mail-Adresse f\u00fcr die Beantwortung Ihrer Anfrage \u00fcber das Kontaktformular.<\/li>\n<li>Name und E-Mail-Adresse f\u00fcr den Versand des Newsletters.<\/li>\n<li>Statistische Daten: IP-Adresse, Browsertyp, zuvor besuchte Website, Systemkonfiguration, welche Seiten Sie auf FECtest zu welchem Datum und zu welcher Uhrzeit besuchen. Diese Daten, mit Ausnahme der IP-Adresse, sind in den Statistiken sichtbar.<\/li>\n<\/ol>\n<p>FECtest speichert und verwendet nur die von Ihnen direkt zur Verf\u00fcgung gestellten personenbezogenen Daten.<\/p>\n<p>&nbsp;<\/p>\n<p><strong>Anmeldung zu einem Kurs<\/strong><\/p>\n<p>Die Anmeldung zu einem Kurs erfolgt \u00fcber den Webshop. Die personenbezogenen Daten werden f\u00fcr die Rechnungsstellung und die Organisation des Kurses verwendet. Ihre Rechnung wird bei der niederl\u00e4ndischen Steuerbeh\u00f6rde angemeldet.<\/p>\n<p>&nbsp;<\/p>\n<p><strong>Kauf eines Produkts<\/strong><\/p>\n<p>Der Kauf eines Produkts erfolgt \u00fcber den Webshop. Ihre pers\u00f6nlichen Daten werden f\u00fcr die Rechnungsstellung und die Paketzustellung verwendet. Ihre Rechnung wird bei den niederl\u00e4ndischen Steuerbeh\u00f6rden angemeldet. Rechnungen werden nach niederl\u00e4ndischem Recht sieben Jahre lang aufbewahrt.<\/p>\n<p>&nbsp;<\/p>\n<p><strong>Zahlen eines Kurses und\/oder Produkts<\/strong><\/p>\n<p>Wenn Sie mit iDEAL\/MisterCash\/Bancontact\/Sofort Banking bezahlen, geht dies \u00fcber den Zahlungsanbieter Buckaroo. Sie speichern die Bankdaten in ihrem System.<\/p>\n<p>Wenn Sie mit Paypal bezahlen, melden Sie sich mit Ihrem Paypal-Benutzernamen und Passwort bei Paypal selbst an.<\/p>\n<p>&nbsp;<\/p>\n<p><strong>Kontakt-Formular<\/strong><\/p>\n<p>Wenn Sie auf der Website ein Kontaktformular ausf\u00fcllen oder eine E-Mail senden, werden die von Ihnen \u00fcbermittelten Daten so lange gespeichert, wie es f\u00fcr den Inhalt Ihrer E-Mail erforderlich ist, um Ihre Frage vollst\u00e4ndig zu beantworten.<\/p>\n<p>&nbsp;<\/p>\n<p><strong>Newsletter<\/strong><\/p>\n<p>Wir bieten einen Newsletter an, mit dem wir Interessenten \u00fcber neue Entwicklungen, Produkte und\/oder Dienstleistungen informieren. Ihre E-Mail-Adresse wird nur nach vorheriger Zustimmung in die Liste der Abonnenten aufgenommen. Jeder Newsletter enth\u00e4lt einen Link zum Abbestellen.<\/p>\n<p>F\u00fcr den Versand von Newslettern verwenden wir Mailchimp. Mailchimp hat seine Systeme ordnungsgem\u00e4\u00df gesichert und behandelt Ihre Daten vertraulich. Mailchimp hat seinen Sitz in den USA und ist nach dem EU-US-Datenschutzschild zertifiziert. FECtest hat einen Verarbeitungsvertrag mit Mailchimp abgeschlossen.<\/p>\n<p>&nbsp;<\/p>\n<p><strong>Statistische Daten<\/strong><\/p>\n<p>FECtest.com befindet sich auf STRATO Servern. STRATO protokolliert die f\u00fcr FECtest sichtbaren Daten in der Statistik. STRATO speichert IP-Adressen von Website-Besuchern in so genannten Logfiles f\u00fcr bis zu sieben Tage. Sie tun dies, um Cyberangriffe zu erkennen und abzuwehren. STRATO l\u00f6scht dann die IP-Adressen wieder.<\/p>\n<p>FECtest hat eine Verarbeitungsvertrag mit Strato.de getroffen.<\/p>\n<p><strong> <\/strong><\/p>\n<p><strong>Datenschutz<\/strong><\/p>\n<p>Wir behandeln Ihre Daten vertraulich und ver\u00f6ffentlichen sie nicht.<\/p>\n<p>&nbsp;<\/p>\n<p><strong>Sicherung<\/strong><\/p>\n<p>Wir haben geeignete technische und organisatorische Ma\u00dfnahmen getroffen, um personenbezogene Daten vor unrechtm\u00e4\u00dfiger Verarbeitung zu sch\u00fctzen.<br \/>FECtest.com ist vollst\u00e4ndig mit einer SSL-Verbindung (Secure Sockets Layer oder SSL) gesichert, die alle Informationen zwischen Ihnen und unseren Websites sch\u00fctzt, wenn Sie pers\u00f6nliche Daten eingeben.<\/p>\n<p>&nbsp;<\/p>\n<p><strong>Websites von Dritten<\/strong><\/p>\n<p>Diese Datenschutzerkl\u00e4rung gilt nicht f\u00fcr Websites Dritter, die mit dieser Website durch Links verbunden sind. Wir k\u00f6nnen nicht garantieren, dass diese Dritten personenbezogene Daten zuverl\u00e4ssig oder sicher behandeln. Wir empfehlen Ihnen, die Datenschutzerkl\u00e4rungen dieser Websites zu lesen, bevor Sie sie nutzen.<\/p>\n<p>&nbsp;<\/p>\n<p><strong>\u00c4nderungen an dieser Datenschutzerkl\u00e4rung<\/strong><\/p>\n<p>Da wir nicht ausschlie\u00dfen, dass sich unsere Dienstleistungen in Zukunft \u00e4ndern, kann sich auch diese Datenschutzerkl\u00e4rung an einigen Stellen \u00e4ndern. Wir empfehlen Ihnen, diese Datenschutzerkl\u00e4rung regelm\u00e4\u00dfig zu lesen, damit Sie \u00fcber diese \u00c4nderungen informiert sind. Das Datum der letzten Aktualisierung ist weiter oben auf dieser Seite aufgef\u00fchrt.<\/p>\n<p>&nbsp;<\/p>\n<p><strong>Auskunftsrecht<\/strong><\/p>\n<p>FECtest bietet Ihnen das Recht, auf Ihre pers\u00f6nlichen Daten zuzugreifen und sie gegebenenfalls zu \u00e4ndern. Antr\u00e4ge auf Einsicht, Berichtigung oder L\u00f6schung personenbezogener Daten werden von FECtest innerhalb eines angemessenen Zeitraums bearbeitet.<\/p>\n<p>FECtest wird Aufforderungen zur L\u00f6schung personenbezogener Daten so weit wie m\u00f6glich nachkommen, es sei denn, die Daten m\u00fcssen aufgrund gesetzlicher Bestimmungen oder aus legitimen gesch\u00e4ftlichen Gr\u00fcnden aufbewahrt werden.<\/p>\n<p>&nbsp;<\/p>\n<p><strong>Aufbewahrungsfrist<\/strong><\/p>\n<p>Personenbezogene Daten werden nicht l\u00e4nger aufbewahrt, als es f\u00fcr die Erf\u00fcllung der oben genannten Zwecke erforderlich ist.<\/p>\n<p>&nbsp;<\/p>\n<p><strong>Beschwerden<\/strong><\/p>\n<p>Wenn Sie sich \u00fcber die Verarbeitung Ihrer pers\u00f6nlichen Daten beschweren m\u00f6chten, wenden Sie sich bitte direkt an uns.<\/p>\n<p>&nbsp;<\/p>\n<p><strong>Fragen<\/strong><\/p>\n<p>Wenn Sie Fragen oder Anmerkungen zu unserer Datenschutzerkl\u00e4rung haben, kontaktieren Sie uns bitte unter<span> <\/span><a href=\"mailto:info@mesttest.com\">info@fectest.com.<\/a><\/p>\n<p>[\/et_pb_text][\/et_pb_column][\/et_pb_row][\/et_pb_section]<\/p>\n","protected":false},"excerpt":{"rendered":"<p>FECtest verpflichtet sich, Ihre Privatsph\u00e4re zu respektieren und die Vertraulichkeit Ihrer pers\u00f6nlichen Daten zu gew\u00e4hrleisten. Um Ihre Privatsph\u00e4re zu sch\u00fctzen, handelt FECtest stets in \u00dcbereinstimmung mit der Allgemeinen Datenschutzverordnung. Diese Datenschutzerkl\u00e4rung gilt, wenn Sie die Website besuchen oder anderweitig mit FECtest in Kontakt treten. Wir empfehlen Ihnen deshalb, die vorliegende Datenschutzerkl\u00e4rung sorgf\u00e4ltig durchzulesen. Bei Fragen [&hellip;]<\/p>\n","protected":false},"author":1,"featured_media":0,"parent":0,"menu_order":0,"comment_status":"closed","ping_status":"closed","template":"","meta":{"_et_pb_use_builder":"on","_et_pb_old_content":"","_et_gb_content_width":"","footnotes":""},"_links":{"self":[{"href":"https:\/\/mesttest.com\/de\/wp-json\/wp\/v2\/pages\/972"}],"collection":[{"href":"https:\/\/mesttest.com\/de\/wp-json\/wp\/v2\/pages"}],"about":[{"href":"https:\/\/mesttest.com\/de\/wp-json\/wp\/v2\/types\/page"}],"author":[{"embeddable":true,"href":"https:\/\/mesttest.com\/de\/wp-json\/wp\/v2\/users\/1"}],"replies":[{"embeddable":true,"href":"https:\/\/mesttest.com\/de\/wp-json\/wp\/v2\/comments?post=972"}],"version-history":[{"count":5,"href":"https:\/\/mesttest.com\/de\/wp-json\/wp\/v2\/pages\/972\/revisions"}],"predecessor-version":[{"id":977,"href":"https:\/\/mesttest.com\/de\/wp-json\/wp\/v2\/pages\/972\/revisions\/977"}],"wp:attachment":[{"href":"https:\/\/mesttest.com\/de\/wp-json\/wp\/v2\/media?parent=972"}],"curies":[{"name":"wp","href":"https:\/\/api.w.org\/{rel}","templated":true}]}}