{"id":1625,"date":"2023-02-21T20:21:51","date_gmt":"2023-02-21T20:21:51","guid":{"rendered":"https:\/\/mesttest.com\/?page_id=1625"},"modified":"2024-03-04T10:19:45","modified_gmt":"2024-03-04T10:19:45","slug":"gesunde-tiere-mit-kotuntersuchung-und-vorbeugung-wurmbefall","status":"publish","type":"page","link":"https:\/\/mesttest.com\/de\/","title":{"rendered":"<strong>Gesunde Tiere mit Kotuntersuchung und Vorbeugung Wurmbefall<\/strong>"},"content":{"rendered":"<p>[et_pb_section fb_built=&#8221;1&#8243; fullwidth=&#8221;on&#8221; _builder_version=&#8221;4.19.3&#8243; _module_preset=&#8221;default&#8221; background_image=&#8221;https:\/\/mesttest.com\/wp-content\/uploads\/2023\/01\/homepagina-microscoop-kl.jpg&#8221; min_height=&#8221;183.8px&#8221; custom_margin=&#8221;||-2px|||&#8221; custom_padding=&#8221;||281px|||&#8221; global_colors_info=&#8221;{}&#8221;][et_pb_fullwidth_header title=&#8221;Gesunde Tiere mit Kotuntersuchung und Vorbeugung Wurmbefall &#8221; text_orientation=&#8221;center&#8221; _builder_version=&#8221;4.19.3&#8243; _module_preset=&#8221;default&#8221; title_font=&#8221;|700|||||||&#8221; title_text_color=&#8221;#339966&#8243; title_line_height=&#8221;1.4em&#8221; background_color=&#8221;RGBA(255,255,255,0)&#8221; background_layout=&#8221;light&#8221; global_colors_info=&#8221;{}&#8221;]<\/p>\n<p><strong><\/strong><\/p>\n<h2><span style=\"color: #000000;\"><strong><\/strong><\/span><\/h2>\n<h2><span style=\"color: #000000;\"><strong><\/strong><\/span><\/h2>\n<h2><span style=\"color: #000000;\"><strong><\/strong><\/span><\/h2>\n<h2><span style=\"color: #000000;\"><strong><\/strong><\/span><\/h2>\n<h2><span style=\"color: #339966;\"><strong>Zeitgem\u00e4\u00dfe selektive Entwurmung<\/strong><\/span><\/h2>\n<p><strong><\/strong><\/p>\n<p><strong> <\/strong><\/p>\n<p>[\/et_pb_fullwidth_header][\/et_pb_section][et_pb_section fb_built=&#8221;1&#8243; _builder_version=&#8221;4.19.3&#8243; _module_preset=&#8221;default&#8221; custom_margin=&#8221;||-55px|||&#8221; global_colors_info=&#8221;{}&#8221;][et_pb_row column_structure=&#8221;1_3,1_3,1_3&#8243; _builder_version=&#8221;4.19.3&#8243; _module_preset=&#8221;default&#8221; global_colors_info=&#8221;{}&#8221;][et_pb_column type=&#8221;1_3&#8243; _builder_version=&#8221;4.19.3&#8243; _module_preset=&#8221;default&#8221; global_colors_info=&#8221;{}&#8221;][et_pb_button button_url=&#8221;https:\/\/mesttest.com\/de\/product-categorie\/webshop-de-2\/&#8221; button_text=&#8221;Webshop&#8221; _builder_version=&#8221;4.24.2&#8243; _module_preset=&#8221;default&#8221; hover_enabled=&#8221;0&#8243; global_colors_info=&#8221;{}&#8221; sticky_enabled=&#8221;0&#8243;][\/et_pb_button][\/et_pb_column][et_pb_column type=&#8221;1_3&#8243; _builder_version=&#8221;4.19.3&#8243; _module_preset=&#8221;default&#8221; global_colors_info=&#8221;{}&#8221;][et_pb_button button_url=&#8221;https:\/\/mesttest.com\/de\/kotuntersuchung-methode\/&#8221; button_text=&#8221;McMaster-Verfahren&#8221; _builder_version=&#8221;4.19.3&#8243; _module_preset=&#8221;default&#8221; global_colors_info=&#8221;{}&#8221;][\/et_pb_button][\/et_pb_column][et_pb_column type=&#8221;1_3&#8243; _builder_version=&#8221;4.19.3&#8243; _module_preset=&#8221;default&#8221; global_colors_info=&#8221;{}&#8221;][et_pb_button button_url=&#8221;https:\/\/mesttest.com\/de\/richtig-entwurmen\/&#8221; button_text=&#8221;Richtig entwurmen&#8221; _builder_version=&#8221;4.19.3&#8243; _module_preset=&#8221;default&#8221; global_colors_info=&#8221;{}&#8221;][\/et_pb_button][\/et_pb_column][\/et_pb_row][et_pb_row column_structure=&#8221;1_3,1_3,1_3&#8243; _builder_version=&#8221;4.19.3&#8243; _module_preset=&#8221;default&#8221; global_colors_info=&#8221;{}&#8221;][et_pb_column type=&#8221;1_3&#8243; _builder_version=&#8221;4.19.3&#8243; _module_preset=&#8221;default&#8221; global_colors_info=&#8221;{}&#8221;][et_pb_text _builder_version=&#8221;4.19.3&#8243; _module_preset=&#8221;default&#8221; global_colors_info=&#8221;{}&#8221;]<\/p>\n<p>Verkauf Mikroskope, McMaster-Z\u00e4hlkammer, Kotuntersuchungspakete.<\/p>\n<p>GRATIS Kotuntersuchung Leitfaden f\u00fcr Pferde oder Alpakas bei Kauf von Mikroskop und \/ oder Kotuntersuchungspaket.<\/p>\n<p>[\/et_pb_text][\/et_pb_column][et_pb_column type=&#8221;1_3&#8243; _builder_version=&#8221;4.19.3&#8243; _module_preset=&#8221;default&#8221; global_colors_info=&#8221;{}&#8221;][et_pb_text _builder_version=&#8221;4.19.3&#8243; _module_preset=&#8221;default&#8221; global_colors_info=&#8221;{}&#8221;]<\/p>\n<p>Selbst starten mit Kotprobenuntersuchung Zuhause mit McMaster-Methode.<\/p>\n<p>[\/et_pb_text][\/et_pb_column][et_pb_column type=&#8221;1_3&#8243; _builder_version=&#8221;4.19.3&#8243; _module_preset=&#8221;default&#8221; global_colors_info=&#8221;{}&#8221;][et_pb_text _builder_version=&#8221;4.19.3&#8243; _module_preset=&#8221;default&#8221; global_colors_info=&#8221;{}&#8221;]<\/p>\n<p>Tiere richtig entwurmen und Resistenzen vermeiden. Wann selektiv oder strategisch entwurmen?<\/p>\n<p>[\/et_pb_text][\/et_pb_column][\/et_pb_row][\/et_pb_section][et_pb_section fb_built=&#8221;1&#8243; _builder_version=&#8221;4.19.3&#8243; _module_preset=&#8221;default&#8221; background_color=&#8221;rgba(124,218,36,0.38)&#8221; custom_margin=&#8221;-9px||||false|false&#8221; custom_padding=&#8221;0px||0px||false|false&#8221; global_colors_info=&#8221;{}&#8221;][et_pb_row column_structure=&#8221;1_5,3_5,1_5&#8243; _builder_version=&#8221;4.19.3&#8243; _module_preset=&#8221;default&#8221; global_colors_info=&#8221;{}&#8221;][et_pb_column type=&#8221;1_5&#8243; _builder_version=&#8221;4.19.3&#8243; _module_preset=&#8221;default&#8221; global_colors_info=&#8221;{}&#8221;][et_pb_social_media_follow _builder_version=&#8221;4.19.3&#8243; _module_preset=&#8221;default&#8221; global_colors_info=&#8221;{}&#8221;][et_pb_social_media_follow_network social_network=&#8221;youtube&#8221; url=&#8221;https:\/\/www.youtube.com\/@fectest&#8221; icon_color=&#8221;#FFFFFF&#8221; use_icon_font_size=&#8221;on&#8221; icon_font_size=&#8221;49px&#8221; _builder_version=&#8221;4.19.3&#8243; _module_preset=&#8221;default&#8221; background_color=&#8221;#006600&#8243; background_enable_color=&#8221;on&#8221; global_colors_info=&#8221;{}&#8221; follow_button=&#8221;off&#8221; url_new_window=&#8221;on&#8221;]youtube[\/et_pb_social_media_follow_network][\/et_pb_social_media_follow][\/et_pb_column][et_pb_column type=&#8221;3_5&#8243; _builder_version=&#8221;4.19.3&#8243; _module_preset=&#8221;default&#8221; global_colors_info=&#8221;{}&#8221;][et_pb_text _builder_version=&#8221;4.19.3&#8243; _module_preset=&#8221;default&#8221; link_option_url=&#8221;https:\/\/www.youtube.com\/@fectest&#8221; link_option_url_new_window=&#8221;on&#8221; global_colors_info=&#8221;{}&#8221;]<\/p>\n<h3><em>Schauen Sie sich unseren YouTube-Kanal an mit Kotuntersuchung Mikroskopie und Parasitologie.<\/em><\/h3>\n<p>[\/et_pb_text][\/et_pb_column][et_pb_column type=&#8221;1_5&#8243; _builder_version=&#8221;4.19.3&#8243; _module_preset=&#8221;default&#8221; global_colors_info=&#8221;{}&#8221;][\/et_pb_column][\/et_pb_row][\/et_pb_section]<\/p>\n","protected":false},"excerpt":{"rendered":"<p>Zeitgem\u00e4\u00dfe selektive Entwurmung Verkauf Mikroskope, McMaster-Z\u00e4hlkammer, Kotuntersuchungspakete. GRATIS Kotuntersuchung Leitfaden f\u00fcr Pferde oder Alpakas bei Kauf von Mikroskop und \/ oder Kotuntersuchungspaket.Selbst starten mit Kotprobenuntersuchung Zuhause mit McMaster-Methode.Tiere richtig entwurmen und Resistenzen vermeiden. Wann selektiv oder strategisch entwurmen?Schauen Sie sich unseren YouTube-Kanal an mit Kotuntersuchung Mikroskopie und Parasitologie.<\/p>\n","protected":false},"author":1,"featured_media":0,"parent":0,"menu_order":0,"comment_status":"closed","ping_status":"closed","template":"","meta":{"_et_pb_use_builder":"on","_et_pb_old_content":"","_et_gb_content_width":"","footnotes":""},"_links":{"self":[{"href":"https:\/\/mesttest.com\/de\/wp-json\/wp\/v2\/pages\/1625"}],"collection":[{"href":"https:\/\/mesttest.com\/de\/wp-json\/wp\/v2\/pages"}],"about":[{"href":"https:\/\/mesttest.com\/de\/wp-json\/wp\/v2\/types\/page"}],"author":[{"embeddable":true,"href":"https:\/\/mesttest.com\/de\/wp-json\/wp\/v2\/users\/1"}],"replies":[{"embeddable":true,"href":"https:\/\/mesttest.com\/de\/wp-json\/wp\/v2\/comments?post=1625"}],"version-history":[{"count":11,"href":"https:\/\/mesttest.com\/de\/wp-json\/wp\/v2\/pages\/1625\/revisions"}],"predecessor-version":[{"id":2285,"href":"https:\/\/mesttest.com\/de\/wp-json\/wp\/v2\/pages\/1625\/revisions\/2285"}],"wp:attachment":[{"href":"https:\/\/mesttest.com\/de\/wp-json\/wp\/v2\/media?parent=1625"}],"curies":[{"name":"wp","href":"https:\/\/api.w.org\/{rel}","templated":true}]}}