{"id":1328,"date":"2023-01-09T15:33:02","date_gmt":"2023-01-09T15:33:02","guid":{"rendered":"https:\/\/mesttest.com\/?page_id=1328"},"modified":"2023-01-09T15:33:07","modified_gmt":"2023-01-09T15:33:07","slug":"kotuntersuchung-methode","status":"publish","type":"page","link":"https:\/\/mesttest.com\/de\/kotuntersuchung-methode\/","title":{"rendered":"Kotuntersuchung Methode"},"content":{"rendered":"\n<p><\/p>\n\n\n\n<p><\/p>\n\n\n\n<p>Die Kotuntersuchung ist eine Z\u00e4hlung der Parasiteneier im Kot nach dem McMaster-Verfahren. Die h\u00e4ufigsten Parasiten werden mit dieser Methode gez\u00e4hlt und sind eine Anzeige der Infektion.<\/p>\n\n\n\n<p>Neben der Z\u00e4hlung vor einer Wurmkur ist es auch wichtig der Resistenz zwei Wochen nach Entwurmung zu \u00fcberpr\u00fcfen.<\/p>\n\n\n\n<p><\/p>\n\n\n\n<figure class=\"wp-block-image size-full\"><img loading=\"lazy\" decoding=\"async\" width=\"940\" height=\"301\" src=\"https:\/\/mesttest.com\/wp-content\/uploads\/2023\/01\/Mestonderzoekmethode.jpg\" alt=\"\" class=\"wp-image-1314\" srcset=\"https:\/\/mesttest.com\/wp-content\/uploads\/2023\/01\/Mestonderzoekmethode.jpg 940w, https:\/\/mesttest.com\/wp-content\/uploads\/2023\/01\/Mestonderzoekmethode-480x154.jpg 480w\" sizes=\"(min-width: 0px) and (max-width: 480px) 480px, (min-width: 481px) 940px, 100vw\" \/><\/figure>\n\n\n\n<p><\/p>\n\n\n\n<p><em><strong>McMaster Methode  (FEC, Fecal Egg Counts):<\/strong><\/em><\/p>\n\n\n\n<p>1 L\u00f6sen Sie 500 g Flotation-Salz in 700 ml Wasser.<\/p>\n\n\n\n<p>2 Wiegen Sie 4 g der Probe Kot oder Mist in einem Messbecher mit einer Pr\u00e4zisionswaage ab.<\/p>\n\n\n\n<p>3 F\u00fcgen Sie die 26 ml Salzl\u00f6sung zu der Probe und r\u00fchren Sie bis sich eine homogene L\u00f6sung bildet.<\/p>\n\n\n\n<p>4 Filtrieren Sie die Mischung mit dem Teesieb.<\/p>\n\n\n\n<p>5 Nehmen Sie mit einer Spritze 2 ml von der Oberfl\u00e4che der gesiebten L\u00f6sung.<\/p>\n\n\n\n<p>6 Spritzen Sie die L\u00f6sung in jede der zwei McMaster Z\u00e4hlkammern und Legen Sie die McMaster Z\u00e4hlzimmer unter das Mikroskop.<\/p>\n\n\n\n<p>7 Z\u00e4hlen Sie die Eier in beiden Z\u00e4hlkammern.<\/p>\n\n\n\n<p>8 Multiplizieren Sie die Anzahl der gefundenen Eier mit einem Faktor von 25. Das Ergebnis ist die Anzahl der Eier pro Gramm (=EPG).<\/p>\n\n\n\n<p><\/p>\n\n\n\n<p><em><strong>Resistenz Methode(Fecal Egg Count Reduction (FECRT)):<\/strong><\/em><\/p>\n\n\n\n<p>Etwa zwei Wochen nach der Entwurmung sieht man wie wirksam das Entwurmungsmittel war. Wenn Sie noch Wurmeier finden, bedeutet das, dass der Wurm resistent gegen bestimmte Anthelminthika ist, also eine Immunit\u00e4t gegen das Medikament erworben hat. Es muss eine mindestens 90%-ige Reduktion der Anzahl der Wurmeier nach Entwurmung geben, sonst liegt eine Resistenz vor.<\/p>\n\n\n\n<p>Resistenz-Berechnung (FECRT):<\/p>\n\n\n\n<p>(EPG (vor Entwurmung) \u2013 EPG (14 Tagen nach Entwurmung)) \/ EPG (vor Entwurmung) x 100 = FECRT %<\/p>\n","protected":false},"excerpt":{"rendered":"<p>Die Kotuntersuchung ist eine Z\u00e4hlung der Parasiteneier im Kot nach dem McMaster-Verfahren. Die h\u00e4ufigsten Parasiten werden mit dieser Methode gez\u00e4hlt und sind eine Anzeige der Infektion. Neben der Z\u00e4hlung vor einer Wurmkur ist es auch wichtig der Resistenz zwei Wochen nach Entwurmung zu \u00fcberpr\u00fcfen. McMaster Methode (FEC, Fecal Egg Counts): 1 L\u00f6sen Sie 500 g [&hellip;]<\/p>\n","protected":false},"author":1,"featured_media":0,"parent":0,"menu_order":0,"comment_status":"closed","ping_status":"closed","template":"","meta":{"_et_pb_use_builder":"off","_et_pb_old_content":"<!-- wp:paragraph -->\n<p>gggfgdfgd<\/p>\n<!-- \/wp:paragraph -->\n\n<!-- wp:image {\"id\":1314,\"sizeSlug\":\"full\",\"linkDestination\":\"none\"} -->\n<figure class=\"wp-block-image size-full\"><img src=\"https:\/\/mesttest.com\/wp-content\/uploads\/2023\/01\/Mestonderzoekmethode.jpg\" alt=\"\" class=\"wp-image-1314\"\/><\/figure>\n<!-- \/wp:image -->","_et_gb_content_width":"","footnotes":""},"_links":{"self":[{"href":"https:\/\/mesttest.com\/de\/wp-json\/wp\/v2\/pages\/1328"}],"collection":[{"href":"https:\/\/mesttest.com\/de\/wp-json\/wp\/v2\/pages"}],"about":[{"href":"https:\/\/mesttest.com\/de\/wp-json\/wp\/v2\/types\/page"}],"author":[{"embeddable":true,"href":"https:\/\/mesttest.com\/de\/wp-json\/wp\/v2\/users\/1"}],"replies":[{"embeddable":true,"href":"https:\/\/mesttest.com\/de\/wp-json\/wp\/v2\/comments?post=1328"}],"version-history":[{"count":3,"href":"https:\/\/mesttest.com\/de\/wp-json\/wp\/v2\/pages\/1328\/revisions"}],"predecessor-version":[{"id":1333,"href":"https:\/\/mesttest.com\/de\/wp-json\/wp\/v2\/pages\/1328\/revisions\/1333"}],"wp:attachment":[{"href":"https:\/\/mesttest.com\/de\/wp-json\/wp\/v2\/media?parent=1328"}],"curies":[{"name":"wp","href":"https:\/\/api.w.org\/{rel}","templated":true}]}}